{"id":9196,"date":"2022-04-21T07:21:55","date_gmt":"2022-04-21T13:21:55","guid":{"rendered":"https:\/\/laleonacatarata.com\/?page_id=9196"},"modified":"2022-09-09T09:35:06","modified_gmt":"2022-09-09T15:35:06","slug":"tours-transporte-incluido","status":"publish","type":"page","link":"https:\/\/laleonacatarata.com\/es\/tours-transporte-incluido\/","title":{"rendered":"Tours con transporte inclu\u00eddo"},"content":{"rendered":"<div data-elementor-type=\"wp-page\" data-elementor-id=\"9196\" class=\"elementor elementor-9196\" data-elementor-settings=\"{&quot;ha_cmc_init_switcher&quot;:&quot;no&quot;}\" data-elementor-post-type=\"page\">\n\t\t\t\t\t\t<section class=\"elementor-section elementor-top-section elementor-element elementor-element-8b282e9 elementor-section-boxed elementor-section-height-default elementor-section-height-default\" data-id=\"8b282e9\" data-element_type=\"section\" data-settings=\"{&quot;_ha_eqh_enable&quot;:false}\">\n\t\t\t\t\t\t<div class=\"elementor-container elementor-column-gap-default\">\n\t\t\t\t\t<div class=\"elementor-column elementor-col-100 elementor-top-column elementor-element elementor-element-6111bab\" data-id=\"6111bab\" data-element_type=\"column\">\n\t\t\t<div class=\"elementor-widget-wrap elementor-element-populated\">\n\t\t\t\t\t\t<div class=\"elementor-element elementor-element-1a4b568 elementor-widget elementor-widget-heading\" data-id=\"1a4b568\" data-element_type=\"widget\" data-widget_type=\"heading.default\">\n\t\t\t\t<div class=\"elementor-widget-container\">\n\t\t\t\t\t<h2 class=\"elementor-heading-title elementor-size-default\">Tours con Transporte Inclu\u00eddo<\/h2>\t\t\t\t<\/div>\n\t\t\t\t<\/div>\n\t\t\t\t<section class=\"elementor-section elementor-inner-section elementor-element elementor-element-1406335 elementor-section-boxed elementor-section-height-default elementor-section-height-default\" data-id=\"1406335\" data-element_type=\"section\" data-settings=\"{&quot;_ha_eqh_enable&quot;:false}\">\n\t\t\t\t\t\t<div class=\"elementor-container elementor-column-gap-default\">\n\t\t\t\t\t<div class=\"elementor-column elementor-col-100 elementor-inner-column elementor-element elementor-element-4637999\" data-id=\"4637999\" data-element_type=\"column\">\n\t\t\t<div class=\"elementor-widget-wrap elementor-element-populated\">\n\t\t\t\t\t\t<div class=\"elementor-element elementor-element-86dcc3a elementor-widget elementor-widget-text-editor\" data-id=\"86dcc3a\" data-element_type=\"widget\" data-widget_type=\"text-editor.default\">\n\t\t\t\t<div class=\"elementor-widget-container\">\n\t\t\t\t\t\t\t\t\t<p style=\"text-align: center;\">Agregamos aqu\u00ed las ubicaciones m\u00e1s comunes, sin embargo, esto no significa que no cubrimos otras ubicaciones. Si su ubicaci\u00f3n no se encuentra en la lista a continuaci\u00f3n, haga clic en <strong>&#8220;Solicitar una cotizaci\u00f3n&#8221;<\/strong><\/p>\t\t\t\t\t\t\t\t<\/div>\n\t\t\t\t<\/div>\n\t\t\t\t<div class=\"elementor-element elementor-element-bd92be5 elementor-align-center elementor-widget elementor-widget-button\" data-id=\"bd92be5\" data-element_type=\"widget\" data-widget_type=\"button.default\">\n\t\t\t\t<div class=\"elementor-widget-container\">\n\t\t\t\t\t\t\t\t\t<div class=\"elementor-button-wrapper\">\n\t\t\t\t\t<a class=\"elementor-button elementor-button-link elementor-size-sm\" href=\"#\">\n\t\t\t\t\t\t<span class=\"elementor-button-content-wrapper\">\n\t\t\t\t\t\t\t\t\t<span class=\"elementor-button-text\">Solicitar una cotizaci\u00f3n<\/span>\n\t\t\t\t\t<\/span>\n\t\t\t\t\t<\/a>\n\t\t\t\t<\/div>\n\t\t\t\t\t\t\t\t<\/div>\n\t\t\t\t<\/div>\n\t\t\t\t\t<\/div>\n\t\t<\/div>\n\t\t\t\t\t<\/div>\n\t\t<\/section>\n\t\t\t\t\t<\/div>\n\t\t<\/div>\n\t\t\t\t\t<\/div>\n\t\t<\/section>\n\t\t\t\t<section class=\"elementor-section elementor-top-section elementor-element elementor-element-6ccac5d elementor-section-boxed elementor-section-height-default elementor-section-height-default\" data-id=\"6ccac5d\" data-element_type=\"section\" data-settings=\"{&quot;_ha_eqh_enable&quot;:false}\">\n\t\t\t\t\t\t<div class=\"elementor-container elementor-column-gap-default\">\n\t\t\t\t\t<div class=\"elementor-column elementor-col-100 elementor-top-column elementor-element elementor-element-ddc0d32\" data-id=\"ddc0d32\" data-element_type=\"column\">\n\t\t\t<div class=\"elementor-widget-wrap elementor-element-populated\">\n\t\t\t\t\t\t\t<\/div>\n\t\t<\/div>\n\t\t\t\t\t<\/div>\n\t\t<\/section>\n\t\t\t\t<section class=\"elementor-section elementor-top-section elementor-element elementor-element-d613ea0 elementor-section-boxed elementor-section-height-default elementor-section-height-default\" data-id=\"d613ea0\" data-element_type=\"section\" data-settings=\"{&quot;_ha_eqh_enable&quot;:false}\">\n\t\t\t\t\t\t<div class=\"elementor-container elementor-column-gap-default\">\n\t\t\t\t\t<div class=\"elementor-column elementor-col-33 elementor-top-column elementor-element elementor-element-55dfacb\" data-id=\"55dfacb\" data-element_type=\"column\">\n\t\t\t<div class=\"elementor-widget-wrap elementor-element-populated\">\n\t\t\t\t\t\t<div class=\"elementor-element elementor-element-6220432 elementor-widget elementor-widget-image\" data-id=\"6220432\" data-element_type=\"widget\" data-widget_type=\"image.default\">\n\t\t\t\t<div class=\"elementor-widget-container\">\n\t\t\t\t\t\t\t\t\t\t\t\t<figure class=\"wp-caption\">\n\t\t\t\t\t\t\t\t\t\t<img fetchpriority=\"high\" decoding=\"async\" width=\"300\" height=\"300\" src=\"https:\/\/laleonacatarata.com\/wp-content\/uploads\/2022\/04\/Diseno-sin-titulo-9-300x300.png\" class=\"attachment-woocommerce_thumbnail size-woocommerce_thumbnail wp-image-9203\" alt=\"La Leona Waterfall from RIU HOTELS\" srcset=\"https:\/\/laleonacatarata.com\/wp-content\/uploads\/2022\/04\/Diseno-sin-titulo-9.png 300w, https:\/\/laleonacatarata.com\/wp-content\/uploads\/2022\/04\/Diseno-sin-titulo-9-150x150.png 150w, https:\/\/laleonacatarata.com\/wp-content\/uploads\/2022\/04\/Diseno-sin-titulo-9-12x12.png 12w, https:\/\/laleonacatarata.com\/wp-content\/uploads\/2022\/04\/Diseno-sin-titulo-9-100x100.png 100w\" sizes=\"(max-width: 300px) 100vw, 300px\" title=\"\">\t\t\t\t\t\t\t\t\t\t\t<figcaption class=\"widget-image-caption wp-caption-text\"><\/figcaption>\n\t\t\t\t\t\t\t\t\t\t<\/figure>\n\t\t\t\t\t\t\t\t\t<\/div>\n\t\t\t\t<\/div>\n\t\t\t\t<div class=\"elementor-element elementor-element-ffbd7da elementor-widget elementor-widget-text-editor\" data-id=\"ffbd7da\" data-element_type=\"widget\" data-widget_type=\"text-editor.default\">\n\t\t\t\t<div class=\"elementor-widget-container\">\n\t\t\t\t\t\t\t\t\t<p style=\"text-align: center;\"><strong>RIU Palace &amp; RIU Guanacaste<\/strong><\/p>\t\t\t\t\t\t\t\t<\/div>\n\t\t\t\t<\/div>\n\t\t\t\t\t<\/div>\n\t\t<\/div>\n\t\t\t\t<div class=\"elementor-column elementor-col-33 elementor-top-column elementor-element elementor-element-88a9641\" data-id=\"88a9641\" data-element_type=\"column\">\n\t\t\t<div class=\"elementor-widget-wrap elementor-element-populated\">\n\t\t\t\t\t\t<div class=\"elementor-element elementor-element-fa3effa elementor-widget elementor-widget-image\" data-id=\"fa3effa\" data-element_type=\"widget\" data-widget_type=\"image.default\">\n\t\t\t\t<div class=\"elementor-widget-container\">\n\t\t\t\t\t\t\t\t\t\t\t\t\t\t\t<img decoding=\"async\" width=\"300\" height=\"300\" src=\"https:\/\/laleonacatarata.com\/wp-content\/uploads\/2022\/04\/Tamarindo-300x300.png\" class=\"attachment-woocommerce_thumbnail size-woocommerce_thumbnail wp-image-9219\" alt=\"La Leona Waterfall From Tamarindo\" srcset=\"https:\/\/laleonacatarata.com\/wp-content\/uploads\/2022\/04\/Tamarindo.png 300w, https:\/\/laleonacatarata.com\/wp-content\/uploads\/2022\/04\/Tamarindo-150x150.png 150w, https:\/\/laleonacatarata.com\/wp-content\/uploads\/2022\/04\/Tamarindo-12x12.png 12w, https:\/\/laleonacatarata.com\/wp-content\/uploads\/2022\/04\/Tamarindo-100x100.png 100w\" sizes=\"(max-width: 300px) 100vw, 300px\" title=\"\">\t\t\t\t\t\t\t\t\t\t\t\t\t\t\t<\/div>\n\t\t\t\t<\/div>\n\t\t\t\t<div class=\"elementor-element elementor-element-25705be elementor-widget elementor-widget-text-editor\" data-id=\"25705be\" data-element_type=\"widget\" data-widget_type=\"text-editor.default\">\n\t\t\t\t<div class=\"elementor-widget-container\">\n\t\t\t\t\t\t\t\t\t<p style=\"text-align: center;\"><strong>Tamarindo &amp; Langosta Beach Area<\/strong><\/p>\t\t\t\t\t\t\t\t<\/div>\n\t\t\t\t<\/div>\n\t\t\t\t\t<\/div>\n\t\t<\/div>\n\t\t\t\t<div class=\"elementor-column elementor-col-33 elementor-top-column elementor-element elementor-element-362337d\" data-id=\"362337d\" data-element_type=\"column\">\n\t\t\t<div class=\"elementor-widget-wrap elementor-element-populated\">\n\t\t\t\t\t\t<div class=\"elementor-element elementor-element-58aedc0 elementor-widget elementor-widget-image\" data-id=\"58aedc0\" data-element_type=\"widget\" data-widget_type=\"image.default\">\n\t\t\t\t<div class=\"elementor-widget-container\">\n\t\t\t\t\t\t\t\t\t\t\t\t\t\t\t<img decoding=\"async\" width=\"300\" height=\"300\" src=\"https:\/\/laleonacatarata.com\/wp-content\/uploads\/2022\/04\/Tamarindo-1-300x300.png\" class=\"attachment-woocommerce_thumbnail size-woocommerce_thumbnail wp-image-9220\" alt=\"La Leona Waterfall From Flamingo\" srcset=\"https:\/\/laleonacatarata.com\/wp-content\/uploads\/2022\/04\/Tamarindo-1.png 300w, https:\/\/laleonacatarata.com\/wp-content\/uploads\/2022\/04\/Tamarindo-1-150x150.png 150w, https:\/\/laleonacatarata.com\/wp-content\/uploads\/2022\/04\/Tamarindo-1-12x12.png 12w, https:\/\/laleonacatarata.com\/wp-content\/uploads\/2022\/04\/Tamarindo-1-100x100.png 100w\" sizes=\"(max-width: 300px) 100vw, 300px\" title=\"\">\t\t\t\t\t\t\t\t\t\t\t\t\t\t\t<\/div>\n\t\t\t\t<\/div>\n\t\t\t\t<div class=\"elementor-element elementor-element-0830a06 elementor-widget elementor-widget-text-editor\" data-id=\"0830a06\" data-element_type=\"widget\" data-widget_type=\"text-editor.default\">\n\t\t\t\t<div class=\"elementor-widget-container\">\n\t\t\t\t\t\t\t\t\t<p style=\"text-align: center;\"><strong>Flamingo Beach Area<\/strong><\/p>\t\t\t\t\t\t\t\t<\/div>\n\t\t\t\t<\/div>\n\t\t\t\t\t<\/div>\n\t\t<\/div>\n\t\t\t\t\t<\/div>\n\t\t<\/section>\n\t\t\t\t<section class=\"elementor-section elementor-top-section elementor-element elementor-element-e6ab678 elementor-section-boxed elementor-section-height-default elementor-section-height-default\" data-id=\"e6ab678\" data-element_type=\"section\" data-settings=\"{&quot;_ha_eqh_enable&quot;:false}\">\n\t\t\t\t\t\t<div class=\"elementor-container elementor-column-gap-default\">\n\t\t\t\t\t<div class=\"elementor-column elementor-col-33 elementor-top-column elementor-element elementor-element-b50f50f\" data-id=\"b50f50f\" data-element_type=\"column\">\n\t\t\t<div class=\"elementor-widget-wrap elementor-element-populated\">\n\t\t\t\t\t\t<div class=\"elementor-element elementor-element-486a523 elementor-widget elementor-widget-image\" data-id=\"486a523\" data-element_type=\"widget\" data-widget_type=\"image.default\">\n\t\t\t\t<div class=\"elementor-widget-container\">\n\t\t\t\t\t\t\t\t\t\t\t\t<figure class=\"wp-caption\">\n\t\t\t\t\t\t\t\t\t\t<img loading=\"lazy\" decoding=\"async\" width=\"300\" height=\"300\" src=\"https:\/\/laleonacatarata.com\/wp-content\/uploads\/2022\/04\/Tamarindo-2-300x300.png\" class=\"attachment-woocommerce_thumbnail size-woocommerce_thumbnail wp-image-9221\" alt=\"La Leona Waterfall from Potrero\" srcset=\"https:\/\/laleonacatarata.com\/wp-content\/uploads\/2022\/04\/Tamarindo-2.png 300w, https:\/\/laleonacatarata.com\/wp-content\/uploads\/2022\/04\/Tamarindo-2-150x150.png 150w, https:\/\/laleonacatarata.com\/wp-content\/uploads\/2022\/04\/Tamarindo-2-12x12.png 12w, https:\/\/laleonacatarata.com\/wp-content\/uploads\/2022\/04\/Tamarindo-2-100x100.png 100w\" sizes=\"(max-width: 300px) 100vw, 300px\" title=\"\">\t\t\t\t\t\t\t\t\t\t\t<figcaption class=\"widget-image-caption wp-caption-text\"><\/figcaption>\n\t\t\t\t\t\t\t\t\t\t<\/figure>\n\t\t\t\t\t\t\t\t\t<\/div>\n\t\t\t\t<\/div>\n\t\t\t\t<div class=\"elementor-element elementor-element-4982456 elementor-widget elementor-widget-text-editor\" data-id=\"4982456\" data-element_type=\"widget\" data-widget_type=\"text-editor.default\">\n\t\t\t\t<div class=\"elementor-widget-container\">\n\t\t\t\t\t\t\t\t\t<p style=\"text-align: center;\"><strong>Potrero Beach Area<\/strong><\/p>\t\t\t\t\t\t\t\t<\/div>\n\t\t\t\t<\/div>\n\t\t\t\t\t<\/div>\n\t\t<\/div>\n\t\t\t\t<div class=\"elementor-column elementor-col-33 elementor-top-column elementor-element elementor-element-548fc4a\" data-id=\"548fc4a\" data-element_type=\"column\">\n\t\t\t<div class=\"elementor-widget-wrap elementor-element-populated\">\n\t\t\t\t\t\t<div class=\"elementor-element elementor-element-eb9d89e elementor-widget elementor-widget-image\" data-id=\"eb9d89e\" data-element_type=\"widget\" data-widget_type=\"image.default\">\n\t\t\t\t<div class=\"elementor-widget-container\">\n\t\t\t\t\t\t\t\t\t\t\t\t\t\t\t<img loading=\"lazy\" decoding=\"async\" width=\"300\" height=\"300\" src=\"https:\/\/laleonacatarata.com\/wp-content\/uploads\/2022\/04\/Tamarindo-3-300x300.png\" class=\"attachment-woocommerce_thumbnail size-woocommerce_thumbnail wp-image-9222\" alt=\"La Leona Waterfall From The Westin\" srcset=\"https:\/\/laleonacatarata.com\/wp-content\/uploads\/2022\/04\/Tamarindo-3.png 300w, https:\/\/laleonacatarata.com\/wp-content\/uploads\/2022\/04\/Tamarindo-3-150x150.png 150w, https:\/\/laleonacatarata.com\/wp-content\/uploads\/2022\/04\/Tamarindo-3-12x12.png 12w, https:\/\/laleonacatarata.com\/wp-content\/uploads\/2022\/04\/Tamarindo-3-100x100.png 100w\" sizes=\"(max-width: 300px) 100vw, 300px\" title=\"\">\t\t\t\t\t\t\t\t\t\t\t\t\t\t\t<\/div>\n\t\t\t\t<\/div>\n\t\t\t\t<div class=\"elementor-element elementor-element-0c6f4b6 elementor-widget elementor-widget-text-editor\" data-id=\"0c6f4b6\" data-element_type=\"widget\" data-widget_type=\"text-editor.default\">\n\t\t\t\t<div class=\"elementor-widget-container\">\n\t\t\t\t\t\t\t\t\t<p style=\"text-align: center;\"><strong>The Westin Resort &amp; Spa Conchal<\/strong><\/p>\t\t\t\t\t\t\t\t<\/div>\n\t\t\t\t<\/div>\n\t\t\t\t\t<\/div>\n\t\t<\/div>\n\t\t\t\t<div class=\"elementor-column elementor-col-33 elementor-top-column elementor-element elementor-element-4df41b5\" data-id=\"4df41b5\" data-element_type=\"column\">\n\t\t\t<div class=\"elementor-widget-wrap elementor-element-populated\">\n\t\t\t\t\t\t<div class=\"elementor-element elementor-element-df27fb3 elementor-widget elementor-widget-image\" data-id=\"df27fb3\" data-element_type=\"widget\" data-widget_type=\"image.default\">\n\t\t\t\t<div class=\"elementor-widget-container\">\n\t\t\t\t\t\t\t\t\t\t\t\t\t\t\t<img loading=\"lazy\" decoding=\"async\" width=\"300\" height=\"300\" src=\"https:\/\/laleonacatarata.com\/wp-content\/uploads\/2022\/04\/Tamarindo-4-300x300.png\" class=\"attachment-woocommerce_thumbnail size-woocommerce_thumbnail wp-image-9228\" alt=\"La Leona Waterfall From The W Costa Rica\" srcset=\"https:\/\/laleonacatarata.com\/wp-content\/uploads\/2022\/04\/Tamarindo-4.png 300w, https:\/\/laleonacatarata.com\/wp-content\/uploads\/2022\/04\/Tamarindo-4-150x150.png 150w, https:\/\/laleonacatarata.com\/wp-content\/uploads\/2022\/04\/Tamarindo-4-12x12.png 12w, https:\/\/laleonacatarata.com\/wp-content\/uploads\/2022\/04\/Tamarindo-4-100x100.png 100w\" sizes=\"(max-width: 300px) 100vw, 300px\" title=\"\">\t\t\t\t\t\t\t\t\t\t\t\t\t\t\t<\/div>\n\t\t\t\t<\/div>\n\t\t\t\t<div class=\"elementor-element elementor-element-adfbfa7 elementor-widget elementor-widget-text-editor\" data-id=\"adfbfa7\" data-element_type=\"widget\" data-widget_type=\"text-editor.default\">\n\t\t\t\t<div class=\"elementor-widget-container\">\n\t\t\t\t\t\t\t\t\t<p style=\"text-align: center;\"><strong>The W Costa Rica &#8211; Reserva Conchal<\/strong><\/p>\t\t\t\t\t\t\t\t<\/div>\n\t\t\t\t<\/div>\n\t\t\t\t\t<\/div>\n\t\t<\/div>\n\t\t\t\t\t<\/div>\n\t\t<\/section>\n\t\t\t\t<section class=\"elementor-section elementor-top-section elementor-element elementor-element-20063d3 elementor-section-boxed elementor-section-height-default elementor-section-height-default\" data-id=\"20063d3\" data-element_type=\"section\" data-settings=\"{&quot;_ha_eqh_enable&quot;:false}\">\n\t\t\t\t\t\t<div class=\"elementor-container elementor-column-gap-default\">\n\t\t\t\t\t<div class=\"elementor-column elementor-col-33 elementor-top-column elementor-element elementor-element-ca37c5a\" data-id=\"ca37c5a\" data-element_type=\"column\">\n\t\t\t<div class=\"elementor-widget-wrap elementor-element-populated\">\n\t\t\t\t\t\t<div class=\"elementor-element elementor-element-2ce0338 elementor-widget elementor-widget-image\" data-id=\"2ce0338\" data-element_type=\"widget\" data-widget_type=\"image.default\">\n\t\t\t\t<div class=\"elementor-widget-container\">\n\t\t\t\t\t\t\t\t\t\t\t\t<figure class=\"wp-caption\">\n\t\t\t\t\t\t\t\t\t\t<img loading=\"lazy\" decoding=\"async\" width=\"300\" height=\"300\" src=\"https:\/\/laleonacatarata.com\/wp-content\/uploads\/2022\/04\/Tamarindo-5-300x300.png\" class=\"attachment-woocommerce_thumbnail size-woocommerce_thumbnail wp-image-9232\" alt=\"La Leona Waterfall from Las Catalinas\" srcset=\"https:\/\/laleonacatarata.com\/wp-content\/uploads\/2022\/04\/Tamarindo-5.png 300w, https:\/\/laleonacatarata.com\/wp-content\/uploads\/2022\/04\/Tamarindo-5-150x150.png 150w, https:\/\/laleonacatarata.com\/wp-content\/uploads\/2022\/04\/Tamarindo-5-12x12.png 12w, https:\/\/laleonacatarata.com\/wp-content\/uploads\/2022\/04\/Tamarindo-5-100x100.png 100w\" sizes=\"(max-width: 300px) 100vw, 300px\" title=\"\">\t\t\t\t\t\t\t\t\t\t\t<figcaption class=\"widget-image-caption wp-caption-text\"><\/figcaption>\n\t\t\t\t\t\t\t\t\t\t<\/figure>\n\t\t\t\t\t\t\t\t\t<\/div>\n\t\t\t\t<\/div>\n\t\t\t\t<div class=\"elementor-element elementor-element-4152c74 elementor-widget elementor-widget-text-editor\" data-id=\"4152c74\" data-element_type=\"widget\" data-widget_type=\"text-editor.default\">\n\t\t\t\t<div class=\"elementor-widget-container\">\n\t\t\t\t\t\t\t\t\t<p style=\"text-align: center;\"><strong>Las Catalinas<\/strong><\/p>\t\t\t\t\t\t\t\t<\/div>\n\t\t\t\t<\/div>\n\t\t\t\t\t<\/div>\n\t\t<\/div>\n\t\t\t\t<div class=\"elementor-column elementor-col-33 elementor-top-column elementor-element elementor-element-718da43\" data-id=\"718da43\" data-element_type=\"column\">\n\t\t\t<div class=\"elementor-widget-wrap elementor-element-populated\">\n\t\t\t\t\t\t<div class=\"elementor-element elementor-element-7aecea9 elementor-widget elementor-widget-image\" data-id=\"7aecea9\" data-element_type=\"widget\" data-widget_type=\"image.default\">\n\t\t\t\t<div class=\"elementor-widget-container\">\n\t\t\t\t\t\t\t\t\t\t\t\t\t\t\t<img loading=\"lazy\" decoding=\"async\" width=\"300\" height=\"300\" src=\"https:\/\/laleonacatarata.com\/wp-content\/uploads\/2022\/04\/Tamarindo-3-300x300.png\" class=\"attachment-woocommerce_thumbnail size-woocommerce_thumbnail wp-image-9222\" alt=\"La Leona Waterfall From The Westin\" srcset=\"https:\/\/laleonacatarata.com\/wp-content\/uploads\/2022\/04\/Tamarindo-3.png 300w, https:\/\/laleonacatarata.com\/wp-content\/uploads\/2022\/04\/Tamarindo-3-150x150.png 150w, https:\/\/laleonacatarata.com\/wp-content\/uploads\/2022\/04\/Tamarindo-3-12x12.png 12w, https:\/\/laleonacatarata.com\/wp-content\/uploads\/2022\/04\/Tamarindo-3-100x100.png 100w\" sizes=\"(max-width: 300px) 100vw, 300px\" title=\"\">\t\t\t\t\t\t\t\t\t\t\t\t\t\t\t<\/div>\n\t\t\t\t<\/div>\n\t\t\t\t<div class=\"elementor-element elementor-element-b259a17 elementor-widget elementor-widget-text-editor\" data-id=\"b259a17\" data-element_type=\"widget\" data-widget_type=\"text-editor.default\">\n\t\t\t\t<div class=\"elementor-widget-container\">\n\t\t\t\t\t\t\t\t\t<p style=\"text-align: center;\"><strong>The Westin Resort &amp; Spa Conchal<\/strong><\/p>\t\t\t\t\t\t\t\t<\/div>\n\t\t\t\t<\/div>\n\t\t\t\t\t<\/div>\n\t\t<\/div>\n\t\t\t\t<div class=\"elementor-column elementor-col-33 elementor-top-column elementor-element elementor-element-e52ec45\" data-id=\"e52ec45\" data-element_type=\"column\">\n\t\t\t<div class=\"elementor-widget-wrap elementor-element-populated\">\n\t\t\t\t\t\t<div class=\"elementor-element elementor-element-efe6bd7 elementor-widget elementor-widget-image\" data-id=\"efe6bd7\" data-element_type=\"widget\" data-widget_type=\"image.default\">\n\t\t\t\t<div class=\"elementor-widget-container\">\n\t\t\t\t\t\t\t\t\t\t\t\t\t\t\t<img loading=\"lazy\" decoding=\"async\" width=\"300\" height=\"300\" src=\"https:\/\/laleonacatarata.com\/wp-content\/uploads\/2022\/04\/Tamarindo-4-300x300.png\" class=\"attachment-woocommerce_thumbnail size-woocommerce_thumbnail wp-image-9228\" alt=\"La Leona Waterfall From The W Costa Rica\" srcset=\"https:\/\/laleonacatarata.com\/wp-content\/uploads\/2022\/04\/Tamarindo-4.png 300w, https:\/\/laleonacatarata.com\/wp-content\/uploads\/2022\/04\/Tamarindo-4-150x150.png 150w, https:\/\/laleonacatarata.com\/wp-content\/uploads\/2022\/04\/Tamarindo-4-12x12.png 12w, https:\/\/laleonacatarata.com\/wp-content\/uploads\/2022\/04\/Tamarindo-4-100x100.png 100w\" sizes=\"(max-width: 300px) 100vw, 300px\" title=\"\">\t\t\t\t\t\t\t\t\t\t\t\t\t\t\t<\/div>\n\t\t\t\t<\/div>\n\t\t\t\t<div class=\"elementor-element elementor-element-5593eeb elementor-widget elementor-widget-text-editor\" data-id=\"5593eeb\" data-element_type=\"widget\" data-widget_type=\"text-editor.default\">\n\t\t\t\t<div class=\"elementor-widget-container\">\n\t\t\t\t\t\t\t\t\t<p style=\"text-align: center;\"><strong>The W Costa Rica &#8211; Reserva Conchal<\/strong><\/p>\t\t\t\t\t\t\t\t<\/div>\n\t\t\t\t<\/div>\n\t\t\t\t\t<\/div>\n\t\t<\/div>\n\t\t\t\t\t<\/div>\n\t\t<\/section>\n\t\t\t\t<\/div>","protected":false},"excerpt":{"rendered":"<p>Tours con Transporte Inclu\u00eddo Agregamos aqu\u00ed las ubicaciones m\u00e1s comunes, sin embargo, esto no significa que no cubrimos otras ubicaciones. Si su ubicaci\u00f3n no se encuentra en la lista a continuaci\u00f3n, haga clic en &#8220;Solicitar una cotizaci\u00f3n&#8221; Solicitar una cotizaci\u00f3n RIU Palace &amp; RIU Guanacaste Tamarindo &amp; Langosta Beach Area Flamingo Beach Area Potrero Beach [&hellip;]<\/p>","protected":false},"author":1,"featured_media":0,"parent":0,"menu_order":0,"comment_status":"closed","ping_status":"closed","template":"","meta":{"site-sidebar-layout":"no-sidebar","site-content-layout":"page-builder","ast-site-content-layout":"default","site-content-style":"default","site-sidebar-style":"default","ast-global-header-display":"","ast-banner-title-visibility":"","ast-main-header-display":"","ast-hfb-above-header-display":"","ast-hfb-below-header-display":"","ast-hfb-mobile-header-display":"","site-post-title":"disabled","ast-breadcrumbs-content":"","ast-featured-img":"disabled","footer-sml-layout":"","ast-disable-related-posts":"","theme-transparent-header-meta":"","adv-header-id-meta":"","stick-header-meta":"","header-above-stick-meta":"","header-main-stick-meta":"","header-below-stick-meta":"","astra-migrate-meta-layouts":"default","ast-page-background-enabled":"default","ast-page-background-meta":{"desktop":{"background-color":"","background-image":"","background-repeat":"repeat","background-position":"center center","background-size":"auto","background-attachment":"scroll","background-type":"","background-media":"","overlay-type":"","overlay-color":"","overlay-opacity":"","overlay-gradient":""},"tablet":{"background-color":"","background-image":"","background-repeat":"repeat","background-position":"center center","background-size":"auto","background-attachment":"scroll","background-type":"","background-media":"","overlay-type":"","overlay-color":"","overlay-opacity":"","overlay-gradient":""},"mobile":{"background-color":"","background-image":"","background-repeat":"repeat","background-position":"center center","background-size":"auto","background-attachment":"scroll","background-type":"","background-media":"","overlay-type":"","overlay-color":"","overlay-opacity":"","overlay-gradient":""}},"ast-content-background-meta":{"desktop":{"background-color":"var(--ast-global-color-5)","background-image":"","background-repeat":"repeat","background-position":"center center","background-size":"auto","background-attachment":"scroll","background-type":"","background-media":"","overlay-type":"","overlay-color":"","overlay-opacity":"","overlay-gradient":""},"tablet":{"background-color":"var(--ast-global-color-5)","background-image":"","background-repeat":"repeat","background-position":"center center","background-size":"auto","background-attachment":"scroll","background-type":"","background-media":"","overlay-type":"","overlay-color":"","overlay-opacity":"","overlay-gradient":""},"mobile":{"background-color":"var(--ast-global-color-5)","background-image":"","background-repeat":"repeat","background-position":"center center","background-size":"auto","background-attachment":"scroll","background-type":"","background-media":"","overlay-type":"","overlay-color":"","overlay-opacity":"","overlay-gradient":""}},"footnotes":""},"class_list":["post-9196","page","type-page","status-publish","hentry"],"_links":{"self":[{"href":"https:\/\/laleonacatarata.com\/es\/wp-json\/wp\/v2\/pages\/9196","targetHints":{"allow":["GET"]}}],"collection":[{"href":"https:\/\/laleonacatarata.com\/es\/wp-json\/wp\/v2\/pages"}],"about":[{"href":"https:\/\/laleonacatarata.com\/es\/wp-json\/wp\/v2\/types\/page"}],"author":[{"embeddable":true,"href":"https:\/\/laleonacatarata.com\/es\/wp-json\/wp\/v2\/users\/1"}],"replies":[{"embeddable":true,"href":"https:\/\/laleonacatarata.com\/es\/wp-json\/wp\/v2\/comments?post=9196"}],"version-history":[{"count":0,"href":"https:\/\/laleonacatarata.com\/es\/wp-json\/wp\/v2\/pages\/9196\/revisions"}],"wp:attachment":[{"href":"https:\/\/laleonacatarata.com\/es\/wp-json\/wp\/v2\/media?parent=9196"}],"curies":[{"name":"wp","href":"https:\/\/api.w.org\/{rel}","templated":true}]}}