{"id":10502,"date":"2022-06-02T09:55:18","date_gmt":"2022-06-02T15:55:18","guid":{"rendered":"https:\/\/laleonacatarata.com\/?post_type=product&#038;p=10502"},"modified":"2026-03-30T19:58:28","modified_gmt":"2026-03-31T01:58:28","slug":"cascada-la-leona-y-tubing","status":"publish","type":"product","link":"https:\/\/laleonacatarata.com\/es\/cascada-la-leona-y-tubing\/","title":{"rendered":"Cascada La Leona + Tubing (Aguas Turbulentas)"},"content":{"rendered":"<h3 style=\"text-align: center;\">Cascada La Leona y Tubing Tour (Aguas Turbulentas)<\/h3>\n<p style=\"text-align: center;\"><span style=\"color: #ff0000;\"><strong>\u00a0La edad m\u00ednima para hacer el tour de Tubing es de 6 a\u00f1os .<\/strong><\/span><\/p>\n<p><strong>Informaci\u00f3n<\/strong><\/p>\n<p>Iniciaremos nuestra caminada hacia la Cascada La Leona dentro del bosque y a la par del r\u00edo Blanco, el cu\u00e1l nace en el volc\u00e1n Rinc\u00f3n de la Vieja. Iremos alrededor de incre\u00edbles formaciones rocosas, cruzaremos r\u00edos, caminaremos por peque\u00f1os escalones y al final, nadaremos por en medio de un ca\u00f1\u00f3n para ingresar a la cueva donde descubriremos la catarata La Leona.<\/p>\n<p><strong>Tour de Tubing (Aguas turbulentas)<\/strong><\/p>\n<p>El tour de tubing se realiza en el r\u00edo Colorado, son 5 kil\u00f3metros de r\u00e1pidos clase I, II y III a lo largo del r\u00edo y aguas turbulentas. Nuestros neum\u00e1ticos individuales est\u00e1n dise\u00f1ados con agarraderos y protecci\u00f3n. Los gu\u00edas le acompa\u00f1an durante todo el recorrido para velar por su seguridad y el disfrute de esta experiencia.<\/p>\n<h5>Resumen de las Actividades<\/h5>\n<p><strong>Cascada La Leona<\/strong>:<\/p>\n<ul>\n<li>2km ida + 2km regreso (4km en total)<\/li>\n<li>Duraci\u00f3n: 3 horas de inicio a fin<\/li>\n<li>Dificultad: Caminata en terreno inestable de selva &#8211; Nivel moderado (<strong>No apto para clientes con problemas de rodillas, para caminar o de movilidad en general)<\/strong><\/li>\n<\/ul>\n<p><strong>Tubing en el r\u00edo (Aguas turbulentas)<\/strong><\/p>\n<ul>\n<li>4 Kilometros de r\u00e1pidos I and III a lo largo del r\u00edo.<\/li>\n<li>Duraci\u00f3n: 1hr 30min<\/li>\n<\/ul>","protected":false},"excerpt":{"rendered":"<p>Cascada La Leona y Tubing Tour (Aguas Turbulentas) \u00a0La edad m\u00ednima para hacer el tour de Tubing es de 6 a\u00f1os . Informaci\u00f3n Iniciaremos nuestra caminada hacia la Cascada La Leona dentro del bosque y a la par del r\u00edo Blanco, el cu\u00e1l nace en el volc\u00e1n Rinc\u00f3n de la Vieja. Iremos alrededor de incre\u00edbles [&hellip;]<\/p>","protected":false},"featured_media":10508,"template":"","meta":{"site-sidebar-layout":"default","site-content-layout":"default","ast-site-content-layout":"default","site-content-style":"default","site-sidebar-style":"default","ast-global-header-display":"","ast-banner-title-visibility":"","ast-main-header-display":"","ast-hfb-above-header-display":"","ast-hfb-below-header-display":"","ast-hfb-mobile-header-display":"","site-post-title":"","ast-breadcrumbs-content":"","ast-featured-img":"","footer-sml-layout":"","ast-disable-related-posts":"","theme-transparent-header-meta":"default","adv-header-id-meta":"","stick-header-meta":"","header-above-stick-meta":"","header-main-stick-meta":"","header-below-stick-meta":"","astra-migrate-meta-layouts":"set","ast-page-background-enabled":"default","ast-page-background-meta":{"desktop":{"background-color":"","background-image":"","background-repeat":"repeat","background-position":"center center","background-size":"auto","background-attachment":"scroll","background-type":"","background-media":"","overlay-type":"","overlay-color":"","overlay-opacity":"","overlay-gradient":""},"tablet":{"background-color":"","background-image":"","background-repeat":"repeat","background-position":"center center","background-size":"auto","background-attachment":"scroll","background-type":"","background-media":"","overlay-type":"","overlay-color":"","overlay-opacity":"","overlay-gradient":""},"mobile":{"background-color":"","background-image":"","background-repeat":"repeat","background-position":"center center","background-size":"auto","background-attachment":"scroll","background-type":"","background-media":"","overlay-type":"","overlay-color":"","overlay-opacity":"","overlay-gradient":""}},"ast-content-background-meta":{"desktop":{"background-color":"var(--ast-global-color-5)","background-image":"","background-repeat":"repeat","background-position":"center center","background-size":"auto","background-attachment":"scroll","background-type":"","background-media":"","overlay-type":"","overlay-color":"","overlay-opacity":"","overlay-gradient":""},"tablet":{"background-color":"var(--ast-global-color-5)","background-image":"","background-repeat":"repeat","background-position":"center center","background-size":"auto","background-attachment":"scroll","background-type":"","background-media":"","overlay-type":"","overlay-color":"","overlay-opacity":"","overlay-gradient":""},"mobile":{"background-color":"var(--ast-global-color-5)","background-image":"","background-repeat":"repeat","background-position":"center center","background-size":"auto","background-attachment":"scroll","background-type":"","background-media":"","overlay-type":"","overlay-color":"","overlay-opacity":"","overlay-gradient":""}}},"product_brand":[],"product_cat":[208],"product_tag":[214,209],"class_list":{"0":"post-10502","1":"product","2":"type-product","3":"status-publish","4":"has-post-thumbnail","6":"product_cat-rincon-de-la-vieja","7":"product_tag-combo-tours","8":"product_tag-rincon-de-la-vieja","9":"desktop-align-left","10":"tablet-align-left","11":"mobile-align-left","13":"first","14":"instock","15":"virtual","16":"taxable","17":"purchasable","18":"product-type-phive_booking"},"_links":{"self":[{"href":"https:\/\/laleonacatarata.com\/es\/wp-json\/wp\/v2\/product\/10502","targetHints":{"allow":["GET"]}}],"collection":[{"href":"https:\/\/laleonacatarata.com\/es\/wp-json\/wp\/v2\/product"}],"about":[{"href":"https:\/\/laleonacatarata.com\/es\/wp-json\/wp\/v2\/types\/product"}],"version-history":[{"count":1,"href":"https:\/\/laleonacatarata.com\/es\/wp-json\/wp\/v2\/product\/10502\/revisions"}],"predecessor-version":[{"id":19241,"href":"https:\/\/laleonacatarata.com\/es\/wp-json\/wp\/v2\/product\/10502\/revisions\/19241"}],"wp:featuredmedia":[{"embeddable":true,"href":"https:\/\/laleonacatarata.com\/es\/wp-json\/wp\/v2\/media\/10508"}],"wp:attachment":[{"href":"https:\/\/laleonacatarata.com\/es\/wp-json\/wp\/v2\/media?parent=10502"}],"wp:term":[{"taxonomy":"product_brand","embeddable":true,"href":"https:\/\/laleonacatarata.com\/es\/wp-json\/wp\/v2\/product_brand?post=10502"},{"taxonomy":"product_cat","embeddable":true,"href":"https:\/\/laleonacatarata.com\/es\/wp-json\/wp\/v2\/product_cat?post=10502"},{"taxonomy":"product_tag","embeddable":true,"href":"https:\/\/laleonacatarata.com\/es\/wp-json\/wp\/v2\/product_tag?post=10502"}],"curies":[{"name":"wp","href":"https:\/\/api.w.org\/{rel}","templated":true}]}}