{"id":17991,"date":"2023-07-07T07:44:44","date_gmt":"2023-07-07T13:44:44","guid":{"rendered":"https:\/\/laleonacatarata.com\/?post_type=product&#038;p=17991"},"modified":"2026-03-30T19:58:07","modified_gmt":"2026-03-31T01:58:07","slug":"catarata-la-leona-tubing","status":"publish","type":"product","link":"https:\/\/laleonacatarata.com\/es\/catarata-la-leona-tubing\/","title":{"rendered":"Catarata La Leona + Tubing"},"content":{"rendered":"<ul>\n<li style=\"text-align: center;\"><span style=\"color: #ff0000;\"><strong>Edad m\u00ednima 8 a\u00f1os.<\/strong><\/span><\/li>\n<\/ul>\n<h5 style=\"text-align: center;\">No apto para personas con problemas de rodillas, articulaciones, problemas al caminar o problemas de movilidad en general.<\/h5>\n<p>Ubicado en el pueblo de Curuband\u00e9 cerca del volc\u00e1n Rincon de la Vieja. Caminaremos en el bosque a la par del r\u00edo blanco, cruzaremos el r\u00edo en varias ocasiones para continuar en el sendero hacia la Catarata La Leona. Pasaremos por ca\u00f1ones, cuevas y debemos entrar al agua para ingresar a la cueva donde se encuentra la catarata La Leona.<\/p>\n<h6>Resumen<\/h6>\n<p><strong>Catarata La Leona<\/strong><\/p>\n<ul>\n<li>Distancia: 2km ida (4km ida y vuelta)<\/li>\n<li>Duraci\u00f3n: De 3 horas<\/li>\n<li>Dificultad: Intermedio<\/li>\n<li>Usted debe estar en una forma f\u00edsica aceptable para hacer este tour<\/li>\n<li><strong>Este tour no es una caminata f\u00e1cil, es un tour de aventura.<\/strong><\/li>\n<\/ul>\n<p><strong>Tubing<\/strong><\/p>\n<ul>\n<li>Distancia: 4km en aguas turbulentas del r\u00edo colordao<\/li>\n<li>Duraci\u00f3n: De 1hr 30min<\/li>\n<li>Dificultad: F\u00e1cil<\/li>\n<\/ul>\n<h6>Lo que obtienes:<\/h6>\n<ul>\n<li>Bolso contra agua: Para llevar el celular al tour y tomar fotos<\/li>\n<li>Facilidades: Cambiadores y servicios sanitarios<\/li>\n<li>Chalecos Flotadores<\/li>\n<li>Gu\u00edas<\/li>\n<li>Si usted no cuenta con veh\u00edculo 4\u00d74 nosotros le brindamos transporte desde nuestra oficina hasta el inicio del tour.<\/li>\n<li>El camino hasta nuestra oficina est\u00e1 en perfecto estado.<\/li>\n<\/ul>\n<h6>Qu\u00e9 traer al tour?<\/h6>\n<ul>\n<li>Zapatos cerrados\u00a0<strong>(no sandalias)<\/strong><\/li>\n<li>o zapatos de agua con suela gruesa<\/li>\n<li>Zapatos con buen agarre<\/li>\n<li>Ropa extra para cambiarse despu\u00e9s del tour<\/li>\n<li>Zapatos extras para cambiarse despu\u00e9s del tour<\/li>\n<li>Pa\u00f1os para secarse despu\u00e9s del tour<\/li>\n<\/ul>\n<h6><span style=\"color: #ff0000;\">Prohibido traer:<\/span><\/h6>\n<ul>\n<li>Hieleras<\/li>\n<li>Mascotas<\/li>\n<li>Bebidas Alcoh\u00f3licas<\/li>\n<li>Drogas<\/li>\n<li>Parlantes<\/li>\n<\/ul>\n<p style=\"text-align: center;\"><strong><em>Por favor no traer mochilas grandes ni muchos art\u00edculos, \u00fanicamente va a necesitar: Su celular, una barrita energ\u00e9tica y una botella de agua peque\u00f1a.<\/em><\/strong><\/p>\n<p style=\"text-align: center;\"><strong><em>Vamos a estar dentro y fuera del r\u00edo durante todo el camino, venga listo o lista para mojarse<\/em><\/strong><\/p>","protected":false},"excerpt":{"rendered":"<p style=\"text-align: center;\">Catarata La Leona Tubing<\/p>","protected":false},"featured_media":14467,"template":"","meta":{"site-sidebar-layout":"default","site-content-layout":"default","ast-site-content-layout":"default","site-content-style":"default","site-sidebar-style":"default","ast-global-header-display":"","ast-banner-title-visibility":"","ast-main-header-display":"","ast-hfb-above-header-display":"","ast-hfb-below-header-display":"","ast-hfb-mobile-header-display":"","site-post-title":"","ast-breadcrumbs-content":"","ast-featured-img":"","footer-sml-layout":"","ast-disable-related-posts":"","theme-transparent-header-meta":"default","adv-header-id-meta":"","stick-header-meta":"","header-above-stick-meta":"","header-main-stick-meta":"","header-below-stick-meta":"","astra-migrate-meta-layouts":"set","ast-page-background-enabled":"default","ast-page-background-meta":{"desktop":{"background-color":"","background-image":"","background-repeat":"repeat","background-position":"center center","background-size":"auto","background-attachment":"scroll","background-type":"","background-media":"","overlay-type":"","overlay-color":"","overlay-opacity":"","overlay-gradient":""},"tablet":{"background-color":"","background-image":"","background-repeat":"repeat","background-position":"center center","background-size":"auto","background-attachment":"scroll","background-type":"","background-media":"","overlay-type":"","overlay-color":"","overlay-opacity":"","overlay-gradient":""},"mobile":{"background-color":"","background-image":"","background-repeat":"repeat","background-position":"center center","background-size":"auto","background-attachment":"scroll","background-type":"","background-media":"","overlay-type":"","overlay-color":"","overlay-opacity":"","overlay-gradient":""}},"ast-content-background-meta":{"desktop":{"background-color":"var(--ast-global-color-5)","background-image":"","background-repeat":"repeat","background-position":"center center","background-size":"auto","background-attachment":"scroll","background-type":"","background-media":"","overlay-type":"","overlay-color":"","overlay-opacity":"","overlay-gradient":""},"tablet":{"background-color":"var(--ast-global-color-5)","background-image":"","background-repeat":"repeat","background-position":"center center","background-size":"auto","background-attachment":"scroll","background-type":"","background-media":"","overlay-type":"","overlay-color":"","overlay-opacity":"","overlay-gradient":""},"mobile":{"background-color":"var(--ast-global-color-5)","background-image":"","background-repeat":"repeat","background-position":"center center","background-size":"auto","background-attachment":"scroll","background-type":"","background-media":"","overlay-type":"","overlay-color":"","overlay-opacity":"","overlay-gradient":""}}},"product_brand":[],"product_cat":[218],"product_tag":[216],"class_list":{"0":"post-17991","1":"product","2":"type-product","3":"status-publish","4":"has-post-thumbnail","6":"product_cat-catarata-la-leona-costa-rica","7":"product_tag-pago-en-colones","8":"desktop-align-left","9":"tablet-align-left","10":"mobile-align-left","12":"first","13":"instock","14":"virtual","15":"purchasable","16":"product-type-phive_booking"},"_links":{"self":[{"href":"https:\/\/laleonacatarata.com\/es\/wp-json\/wp\/v2\/product\/17991","targetHints":{"allow":["GET"]}}],"collection":[{"href":"https:\/\/laleonacatarata.com\/es\/wp-json\/wp\/v2\/product"}],"about":[{"href":"https:\/\/laleonacatarata.com\/es\/wp-json\/wp\/v2\/types\/product"}],"version-history":[{"count":2,"href":"https:\/\/laleonacatarata.com\/es\/wp-json\/wp\/v2\/product\/17991\/revisions"}],"predecessor-version":[{"id":19240,"href":"https:\/\/laleonacatarata.com\/es\/wp-json\/wp\/v2\/product\/17991\/revisions\/19240"}],"wp:featuredmedia":[{"embeddable":true,"href":"https:\/\/laleonacatarata.com\/es\/wp-json\/wp\/v2\/media\/14467"}],"wp:attachment":[{"href":"https:\/\/laleonacatarata.com\/es\/wp-json\/wp\/v2\/media?parent=17991"}],"wp:term":[{"taxonomy":"product_brand","embeddable":true,"href":"https:\/\/laleonacatarata.com\/es\/wp-json\/wp\/v2\/product_brand?post=17991"},{"taxonomy":"product_cat","embeddable":true,"href":"https:\/\/laleonacatarata.com\/es\/wp-json\/wp\/v2\/product_cat?post=17991"},{"taxonomy":"product_tag","embeddable":true,"href":"https:\/\/laleonacatarata.com\/es\/wp-json\/wp\/v2\/product_tag?post=17991"}],"curies":[{"name":"wp","href":"https:\/\/api.w.org\/{rel}","templated":true}]}}