{"id":3448,"date":"2021-10-19T15:19:48","date_gmt":"2021-10-19T21:19:48","guid":{"rendered":"https:\/\/laleonacatarata.com\/?post_type=product&#038;p=3448"},"modified":"2026-03-30T19:59:07","modified_gmt":"2026-03-31T01:59:07","slug":"catarata-la-leona-privado","status":"publish","type":"product","link":"https:\/\/laleonacatarata.com\/es\/catarata-la-leona-privado\/","title":{"rendered":"Tour Privado a La Catarata La Leona | Cascada La Leona"},"content":{"rendered":"<h3 style=\"text-align: center;\">Catarata La Leona Privado| Cascada La Leona Privado<\/h3>\n<ul>\n<li><span style=\"color: #ff0000;\"><strong>No apto para personas con problemas de rodillas, de tobillos o problemas de movilidad en general<\/strong><\/span><\/li>\n<\/ul>\n<hr \/>\n<h6 style=\"text-align: center;\"><strong>Video<\/strong><\/h6>\n<h5 style=\"text-align: center;\"><figure class=\"wp-block-embed wp-block-embed-youtube is-type-video is-provider-youtube epyt-figure\"><div class=\"wp-block-embed__wrapper\"><div  id=\"_ytid_85957\"  width=\"800\" height=\"450\"  data-origwidth=\"800\" data-origheight=\"450\" data-facadesrc=\"https:\/\/www.youtube.com\/embed\/ocsfKzktw5A?enablejsapi=1&autoplay=0&cc_load_policy=0&cc_lang_pref=&iv_load_policy=1&loop=0&rel=1&fs=1&playsinline=0&autohide=2&theme=dark&color=red&controls=1&disablekb=0&\" class=\"__youtube_prefs__ epyt-facade no-lazyload\" data-epautoplay=\"1\" ><img decoding=\"async\" data-spai-excluded=\"true\" class=\"epyt-facade-poster skip-lazy\" loading=\"lazy\" alt=\"YouTube player\" src=\"https:\/\/i.ytimg.com\/vi\/ocsfKzktw5A\/maxresdefault.jpg\" title=\"\"><button class=\"epyt-facade-play\" aria-label=\"Play\"><svg data-no-lazy=\"1\" height=\"100%\" version=\"1.1\" viewbox=\"0 0 68 48\" width=\"100%\"><path class=\"ytp-large-play-button-bg\" d=\"M66.52,7.74c-0.78-2.93-2.49-5.41-5.42-6.19C55.79,.13,34,0,34,0S12.21,.13,6.9,1.55 C3.97,2.33,2.27,4.81,1.48,7.74C0.06,13.05,0,24,0,24s0.06,10.95,1.48,16.26c0.78,2.93,2.49,5.41,5.42,6.19 C12.21,47.87,34,48,34,48s21.79-0.13,27.1-1.55c2.93-0.78,4.64-3.26,5.42-6.19C67.94,34.95,68,24,68,24S67.94,13.05,66.52,7.74z\" fill=\"#f00\"><\/path><path d=\"M 45,24 27,14 27,34\" fill=\"#fff\"><\/path><\/svg><\/button><\/div><\/div><\/figure><\/h5>\n<hr \/>\n<p><strong><span style=\"color: #ff0000;\">Importante<\/span><\/strong><\/p>\n<p><span style=\"font-size: 16px;\">Es importante tener en cuenta que el tour privado le garantiza que ninguna otra persona fuera de su grupo va a ser parte del tour y va a ir con el mismo gu\u00eda y el mismo horario que usted elija. Sin embargo, debe tener en cuenta que siempre habr\u00e1n otras personas en el r\u00edo y en la cascada, debido a que los r\u00edos en Costa Rica no pueden ser privatizados. El tour privado significa que usted tendr\u00e1 un gu\u00eda privado para su grupo en todo momento y que usted no ser\u00e1 parte de un gran grupo de personas, al mismo tiempo puede tomarse todo el tiempo que quiera e ir al ritmo que usted desee.<\/span><\/p>\n<div dir=\"auto\">\n<div dir=\"auto\">\n<h6 style=\"text-align: center;\"><strong>Video<\/strong><\/h6>\n<h5 style=\"text-align: center;\"><figure class=\"wp-block-embed wp-block-embed-youtube is-type-video is-provider-youtube epyt-figure\"><div class=\"wp-block-embed__wrapper\"><div  id=\"_ytid_58990\"  width=\"800\" height=\"450\"  data-origwidth=\"800\" data-origheight=\"450\" data-facadesrc=\"https:\/\/www.youtube.com\/embed\/ocsfKzktw5A?enablejsapi=1&autoplay=0&cc_load_policy=0&cc_lang_pref=&iv_load_policy=1&loop=0&rel=1&fs=1&playsinline=0&autohide=2&theme=dark&color=red&controls=1&disablekb=0&\" class=\"__youtube_prefs__ epyt-facade no-lazyload\" data-epautoplay=\"1\" ><img decoding=\"async\" data-spai-excluded=\"true\" class=\"epyt-facade-poster skip-lazy\" loading=\"lazy\" alt=\"YouTube player\" src=\"https:\/\/i.ytimg.com\/vi\/ocsfKzktw5A\/maxresdefault.jpg\" title=\"\"><button class=\"epyt-facade-play\" aria-label=\"Play\"><svg data-no-lazy=\"1\" height=\"100%\" version=\"1.1\" viewbox=\"0 0 68 48\" width=\"100%\"><path class=\"ytp-large-play-button-bg\" d=\"M66.52,7.74c-0.78-2.93-2.49-5.41-5.42-6.19C55.79,.13,34,0,34,0S12.21,.13,6.9,1.55 C3.97,2.33,2.27,4.81,1.48,7.74C0.06,13.05,0,24,0,24s0.06,10.95,1.48,16.26c0.78,2.93,2.49,5.41,5.42,6.19 C12.21,47.87,34,48,34,48s21.79-0.13,27.1-1.55c2.93-0.78,4.64-3.26,5.42-6.19C67.94,34.95,68,24,68,24S67.94,13.05,66.52,7.74z\" fill=\"#f00\"><\/path><path d=\"M 45,24 27,14 27,34\" fill=\"#fff\"><\/path><\/svg><\/button><\/div><\/div><\/figure><\/h5>\n<hr \/>\n<h6>Informaci\u00f3n<\/h6>\n<p>Ubicado en el pueblo de Curuband\u00e9, en la provincia de Guanacaste cerca del volc\u00e1n Rinc\u00f3n de la Vieja. Caminaremos en el bosque en el r\u00edo Blanco que proviene del volc\u00e1n, veremos incre\u00edbles formaciones rocosas, cruzaremos r\u00edos, subiremos peque\u00f1as escaleras y al final debemos atravesar un ca\u00f1\u00f3n para ingresar a la cueva donde se encuentra la Catarata La Leona | Cascada La Leona.<\/p>\n<h6>Resumen<\/h6>\n<ul>\n<li>Distancia: 2km ida + 2km regreso (4km en total)<\/li>\n<li>Duraci\u00f3n: 3 horas de principio a fin<\/li>\n<li>Dificultad: Caminata Moderada en un sendero de selva<\/li>\n<li><strong style=\"color: #ff0000; font-size: 16px;\">Este tour NO es una caminata f\u00e1cil, es una traves\u00eda de aventura.<\/strong><\/li>\n<\/ul>\n<h6>Qu\u00e9 Incluye?<\/h6>\n<ul>\n<li>Bolsas contra agua: Para llevar peque\u00f1as pertenencias al tour<\/li>\n<li>Ba\u00f1os disponibles en la oficina<\/li>\n<li>Chalecos Flotadores: Si los necesita se le ser\u00e1n brindados<\/li>\n<li>Gu\u00edas especializados en la caminata<\/li>\n<\/ul>\n<h6>Qu\u00e9 debo traer?<\/h6>\n<ul>\n<li>Zapatos Cerrados <strong>(no sandalias abiertas)<\/strong><\/li>\n<li>Tipo Keens o Chacos son aceptados<\/li>\n<li>Zapatos con buen agarre al suelo<\/li>\n<li>Ropa extra para cambiarse<\/li>\n<li>Zapatos extra para cambiarse<\/li>\n<li>Pa\u00f1o para secarse<\/li>\n<\/ul>\n<p style=\"text-align: center;\"><span style=\"color: #ff0000;\"><strong>Cuando reserve este tour tenga en cuenta que van a haber otras personas en el mismo tour<\/strong><\/span><\/p>\n<p style=\"text-align: center;\"><span style=\"color: #ff0000;\"><strong>Pueden haber un m\u00e1ximo de 15 personas por cada grupo, todos con nacionalidades y culturas diferentes, por favor sea respetuoso y amigable con todos en el grupo.<\/strong><\/span><\/p>\n<\/div>\n<\/div>","protected":false},"excerpt":{"rendered":"<p>Catarata La Leona Privado| Cascada La Leona Privado No apto para personas con problemas de rodillas, de tobillos o problemas de movilidad en general Video Importante Es importante tener en cuenta que el tour privado le garantiza que ninguna otra persona fuera de su grupo va a ser parte del tour y va a ir [&hellip;]<\/p>","protected":false},"featured_media":17550,"template":"","meta":{"site-sidebar-layout":"default","site-content-layout":"default","ast-site-content-layout":"default","site-content-style":"default","site-sidebar-style":"default","ast-global-header-display":"","ast-banner-title-visibility":"","ast-main-header-display":"","ast-hfb-above-header-display":"","ast-hfb-below-header-display":"","ast-hfb-mobile-header-display":"","site-post-title":"","ast-breadcrumbs-content":"","ast-featured-img":"","footer-sml-layout":"","ast-disable-related-posts":"","theme-transparent-header-meta":"default","adv-header-id-meta":"","stick-header-meta":"","header-above-stick-meta":"","header-main-stick-meta":"","header-below-stick-meta":"","astra-migrate-meta-layouts":"set","ast-page-background-enabled":"default","ast-page-background-meta":{"desktop":{"background-color":"","background-image":"","background-repeat":"repeat","background-position":"center center","background-size":"auto","background-attachment":"scroll","background-type":"","background-media":"","overlay-type":"","overlay-color":"","overlay-opacity":"","overlay-gradient":""},"tablet":{"background-color":"","background-image":"","background-repeat":"repeat","background-position":"center center","background-size":"auto","background-attachment":"scroll","background-type":"","background-media":"","overlay-type":"","overlay-color":"","overlay-opacity":"","overlay-gradient":""},"mobile":{"background-color":"","background-image":"","background-repeat":"repeat","background-position":"center center","background-size":"auto","background-attachment":"scroll","background-type":"","background-media":"","overlay-type":"","overlay-color":"","overlay-opacity":"","overlay-gradient":""}},"ast-content-background-meta":{"desktop":{"background-color":"var(--ast-global-color-5)","background-image":"","background-repeat":"repeat","background-position":"center center","background-size":"auto","background-attachment":"scroll","background-type":"","background-media":"","overlay-type":"","overlay-color":"","overlay-opacity":"","overlay-gradient":""},"tablet":{"background-color":"var(--ast-global-color-5)","background-image":"","background-repeat":"repeat","background-position":"center center","background-size":"auto","background-attachment":"scroll","background-type":"","background-media":"","overlay-type":"","overlay-color":"","overlay-opacity":"","overlay-gradient":""},"mobile":{"background-color":"var(--ast-global-color-5)","background-image":"","background-repeat":"repeat","background-position":"center center","background-size":"auto","background-attachment":"scroll","background-type":"","background-media":"","overlay-type":"","overlay-color":"","overlay-opacity":"","overlay-gradient":""}}},"product_brand":[],"product_cat":[40,41],"product_tag":[213],"class_list":{"0":"post-3448","1":"product","2":"type-product","3":"status-publish","4":"has-post-thumbnail","6":"product_cat-la-leona-waterfall-tour","7":"product_cat-free-cancelation","8":"product_tag-tours-individuales","9":"desktop-align-left","10":"tablet-align-left","11":"mobile-align-left","13":"first","14":"instock","15":"virtual","16":"taxable","17":"purchasable","18":"product-type-phive_booking"},"_links":{"self":[{"href":"https:\/\/laleonacatarata.com\/es\/wp-json\/wp\/v2\/product\/3448","targetHints":{"allow":["GET"]}}],"collection":[{"href":"https:\/\/laleonacatarata.com\/es\/wp-json\/wp\/v2\/product"}],"about":[{"href":"https:\/\/laleonacatarata.com\/es\/wp-json\/wp\/v2\/types\/product"}],"version-history":[{"count":1,"href":"https:\/\/laleonacatarata.com\/es\/wp-json\/wp\/v2\/product\/3448\/revisions"}],"predecessor-version":[{"id":18495,"href":"https:\/\/laleonacatarata.com\/es\/wp-json\/wp\/v2\/product\/3448\/revisions\/18495"}],"wp:featuredmedia":[{"embeddable":true,"href":"https:\/\/laleonacatarata.com\/es\/wp-json\/wp\/v2\/media\/17550"}],"wp:attachment":[{"href":"https:\/\/laleonacatarata.com\/es\/wp-json\/wp\/v2\/media?parent=3448"}],"wp:term":[{"taxonomy":"product_brand","embeddable":true,"href":"https:\/\/laleonacatarata.com\/es\/wp-json\/wp\/v2\/product_brand?post=3448"},{"taxonomy":"product_cat","embeddable":true,"href":"https:\/\/laleonacatarata.com\/es\/wp-json\/wp\/v2\/product_cat?post=3448"},{"taxonomy":"product_tag","embeddable":true,"href":"https:\/\/laleonacatarata.com\/es\/wp-json\/wp\/v2\/product_tag?post=3448"}],"curies":[{"name":"wp","href":"https:\/\/api.w.org\/{rel}","templated":true}]}}