{"id":9656,"date":"2022-05-03T17:05:11","date_gmt":"2022-05-03T23:05:11","guid":{"rendered":"https:\/\/laleonacatarata.com\/?post_type=product&#038;p=9656"},"modified":"2026-03-30T19:58:53","modified_gmt":"2026-03-31T01:58:53","slug":"cascada-la-leona-y-canopy-tour","status":"publish","type":"product","link":"https:\/\/laleonacatarata.com\/es\/cascada-la-leona-y-canopy-tour\/","title":{"rendered":"Cascada La Leona y Canopy Tour"},"content":{"rendered":"<ul>\n<li>\n<h3 style=\"text-align: center;\">Cascada La Leona y Canopy Tour<\/h3>\n<h5 style=\"text-align: center;\"><span style=\"color: #ff0000;\"><strong>\u00a0No apto para visitantes con problemas de rodillas, para caminar o movilidad en general<\/strong><\/span><\/h5>\n<h6>Informaci\u00f3n<\/h6>\n<p>Ubicados en el pueblo de Curuband\u00e9, en la provincia de Guancaste cerca del volc\u00e1n Rinc\u00f3n de la Vieja. Caminaremos en el bosque en el r\u00edo Blanco que proviene del volc\u00e1n, iremos alrededor de incre\u00edbles formaciones rocosas, cruzaremos r\u00edos y subiremos peque\u00f1as escaleras, hasta que nadaremos en medio de una ca\u00f1\u00f3n para ingresar a la cueva donde veremos la cascada La Leona.<\/p>\n<p>Una vez terminada la caminata hacia la Catarata La Leona, conduciremos por 15 minutos al siguiente r\u00edo, se llama r\u00edo Colorado, en el cu\u00e1l llegaremos al centro de aventura donde volaremos por encima del bosque en 8 lineas diferente del tour de canopy.<\/p>\n<h5>Resumen de las Actividades<\/h5>\n<p><strong>Cascada La Leona<\/strong>:<\/p>\n<ul>\n<li>2km ida + 2km regreso (4km en total)<\/li>\n<li>Duraci\u00f3n: 3 horas de inicio a fin<\/li>\n<li>Dificultad: Caminata en terreno inestable de selva \u2013 Nivel moderado (<strong>No apto para clientes con problemas de rodillas, para caminar o de movilidad en general)<\/strong><\/li>\n<\/ul>\n<ul>\n<li style=\"list-style-type: none;\"><\/li>\n<\/ul>\n<p>&nbsp;<\/li>\n<li><strong>Canopy Tour (Tirolesa)<\/strong>\n<ul>\n<li>8 cables a lo largo del bosque y por encima del r\u00edo<\/li>\n<li>Duraci\u00f3n: 1hr<\/li>\n<\/ul>\n<\/li>\n<\/ul>","protected":false},"excerpt":{"rendered":"<p>Cascada La Leona y Canopy Tour \u00a0No apto para visitantes con problemas de rodillas, para caminar o movilidad en general Informaci\u00f3n Ubicados en el pueblo de Curuband\u00e9, en la provincia de Guancaste cerca del volc\u00e1n Rinc\u00f3n de la Vieja. Caminaremos en el bosque en el r\u00edo Blanco que proviene del volc\u00e1n, iremos alrededor de incre\u00edbles [&hellip;]<\/p>","protected":false},"featured_media":17904,"template":"","meta":{"site-sidebar-layout":"default","site-content-layout":"default","ast-site-content-layout":"default","site-content-style":"default","site-sidebar-style":"default","ast-global-header-display":"","ast-banner-title-visibility":"","ast-main-header-display":"","ast-hfb-above-header-display":"","ast-hfb-below-header-display":"","ast-hfb-mobile-header-display":"","site-post-title":"","ast-breadcrumbs-content":"","ast-featured-img":"","footer-sml-layout":"","ast-disable-related-posts":"","theme-transparent-header-meta":"default","adv-header-id-meta":"","stick-header-meta":"","header-above-stick-meta":"","header-main-stick-meta":"","header-below-stick-meta":"","astra-migrate-meta-layouts":"set","ast-page-background-enabled":"default","ast-page-background-meta":{"desktop":{"background-color":"","background-image":"","background-repeat":"repeat","background-position":"center center","background-size":"auto","background-attachment":"scroll","background-type":"","background-media":"","overlay-type":"","overlay-color":"","overlay-opacity":"","overlay-gradient":""},"tablet":{"background-color":"","background-image":"","background-repeat":"repeat","background-position":"center center","background-size":"auto","background-attachment":"scroll","background-type":"","background-media":"","overlay-type":"","overlay-color":"","overlay-opacity":"","overlay-gradient":""},"mobile":{"background-color":"","background-image":"","background-repeat":"repeat","background-position":"center center","background-size":"auto","background-attachment":"scroll","background-type":"","background-media":"","overlay-type":"","overlay-color":"","overlay-opacity":"","overlay-gradient":""}},"ast-content-background-meta":{"desktop":{"background-color":"var(--ast-global-color-5)","background-image":"","background-repeat":"repeat","background-position":"center center","background-size":"auto","background-attachment":"scroll","background-type":"","background-media":"","overlay-type":"","overlay-color":"","overlay-opacity":"","overlay-gradient":""},"tablet":{"background-color":"var(--ast-global-color-5)","background-image":"","background-repeat":"repeat","background-position":"center center","background-size":"auto","background-attachment":"scroll","background-type":"","background-media":"","overlay-type":"","overlay-color":"","overlay-opacity":"","overlay-gradient":""},"mobile":{"background-color":"var(--ast-global-color-5)","background-image":"","background-repeat":"repeat","background-position":"center center","background-size":"auto","background-attachment":"scroll","background-type":"","background-media":"","overlay-type":"","overlay-color":"","overlay-opacity":"","overlay-gradient":""}}},"product_brand":[],"product_cat":[40,48,42],"product_tag":[214],"class_list":{"0":"post-9656","1":"product","2":"type-product","3":"status-publish","4":"has-post-thumbnail","6":"product_cat-la-leona-waterfall-tour","7":"product_cat-online-payment-debit-credit-card","8":"product_cat-rincon-de-la-vieja-volcano","9":"product_tag-combo-tours","10":"desktop-align-left","11":"tablet-align-left","12":"mobile-align-left","14":"first","15":"instock","16":"virtual","17":"taxable","18":"purchasable","19":"product-type-phive_booking"},"_links":{"self":[{"href":"https:\/\/laleonacatarata.com\/es\/wp-json\/wp\/v2\/product\/9656","targetHints":{"allow":["GET"]}}],"collection":[{"href":"https:\/\/laleonacatarata.com\/es\/wp-json\/wp\/v2\/product"}],"about":[{"href":"https:\/\/laleonacatarata.com\/es\/wp-json\/wp\/v2\/types\/product"}],"version-history":[{"count":1,"href":"https:\/\/laleonacatarata.com\/es\/wp-json\/wp\/v2\/product\/9656\/revisions"}],"predecessor-version":[{"id":19182,"href":"https:\/\/laleonacatarata.com\/es\/wp-json\/wp\/v2\/product\/9656\/revisions\/19182"}],"wp:featuredmedia":[{"embeddable":true,"href":"https:\/\/laleonacatarata.com\/es\/wp-json\/wp\/v2\/media\/17904"}],"wp:attachment":[{"href":"https:\/\/laleonacatarata.com\/es\/wp-json\/wp\/v2\/media?parent=9656"}],"wp:term":[{"taxonomy":"product_brand","embeddable":true,"href":"https:\/\/laleonacatarata.com\/es\/wp-json\/wp\/v2\/product_brand?post=9656"},{"taxonomy":"product_cat","embeddable":true,"href":"https:\/\/laleonacatarata.com\/es\/wp-json\/wp\/v2\/product_cat?post=9656"},{"taxonomy":"product_tag","embeddable":true,"href":"https:\/\/laleonacatarata.com\/es\/wp-json\/wp\/v2\/product_tag?post=9656"}],"curies":[{"name":"wp","href":"https:\/\/api.w.org\/{rel}","templated":true}]}}